{"id":2572,"date":"2019-05-15T16:21:55","date_gmt":"2019-05-15T16:21:55","guid":{"rendered":"https:\/\/nsplaw.ca\/?page_id=2572"},"modified":"2019-05-29T20:59:03","modified_gmt":"2019-05-29T20:59:03","slug":"litige-civil","status":"publish","type":"page","link":"https:\/\/nsplaw.ca\/fr\/litige-civil\/","title":{"rendered":"Litige civil"},"content":{"rendered":"\n<h3 class=\"wp-block-heading\"><strong>LITIGES CIVILS: R\u00c8GLEMENT DES LITIGES AVANT OU LORS DU PROC\u00c8S<\/strong><\/h3>\n\n\n\n<p>Si vous avez perdu de l&rsquo;argent, la tranquillit\u00e9 d&rsquo;esprit, des opportunit\u00e9s ou des biens en raison de l&rsquo;incomp\u00e9tence, de la n\u00e9gligence, de la cupidit\u00e9 ou de la malice de quelqu&rsquo;un d&rsquo;autre, un tribunal peut vous donner la possibilit\u00e9 de les remplacer ou du moins, de remplacer leurs valeurs.<\/p>\n\n\n\n<p>Toutefois, un proc\u00e8s n&rsquo;est pas quelque chose que quelqu&rsquo;un poursuit sur un caprice. Le d\u00e9p\u00f4t d\u2019une plainte frivole entra\u00eene des cons\u00e9quences ainsi que le risque d\u2019\u00eatre condamn\u00e9 \u00e0 payer les frais et honoraires d\u2019avocat de l\u2019autre partie.<\/p>\n\n\n\n<p>Avant de vous rendre au tribunal, il est important d\u2019avoir une id\u00e9e r\u00e9aliste de vos chances de succ\u00e8s et de vos probabilit\u00e9s de r\u00e9cup\u00e9rer le montant r\u00e9clam\u00e9 lors d\u2019un proc\u00e8s.<\/p>\n\n\n\n<h3 class=\"wp-block-heading\"><strong>AVANT DE FAIRE UN LITIGE, D\u00c9COUVREZ DANS QUOI VOUS VOUS EMBARQUEZ<\/strong><\/h3>\n\n\n\n<p>Il est important que vous sachiez dans quoi vous vous engagez avant de poursuivre votre d\u00e9saccord devant un tribunal. Que vous souhaitiez que nous r\u00e9glions un conflit avec une entreprise, un particulier, un voisin ou un membre de la famille, nous discuterons d&rsquo;un certain nombre de facteurs pour vous aider \u00e0 prendre une d\u00e9cision. Ceux-ci incluent:<\/p>\n\n\n\n<ul><li><strong>Votre objectif<\/strong>: il est important de savoir ce que vous esp\u00e9rez obtenir du tribunal, que ce soit de l\u2019argent pour couvrir une perte \u00e9conomique ou une perte financi\u00e8re \u00e0 la maison ou une perte de jouissance de la vie, forcer l\u2019autre partie \u00e0 faire ce qu\u2019elle \u00e9tait cens\u00e9e faire, ou une forme de punition pour son mauvais comportement.<\/li><\/ul>\n\n\n\n<ul><li><strong>Vos chances de succ\u00e8s<\/strong>: nous parlerons de la loi telle qu\u2019elle s\u2019applique \u00e0 votre situation, le dossier que nous devrons b\u00e2tir afin d\u2019avoir gain de cause et \u00e0 la probabilit\u00e9 que vous gagniez. Nous discuterons \u00e9galement de la question de savoir si l\u2019autre partie peut payer le montant qui vous est d\u00fb et de vos chances de percevoir tout montant qui vous est attribu\u00e9.<\/li><\/ul>\n\n\n\n<ul><li><strong>Co\u00fbts:<\/strong> Ceux-ci comprennent les co\u00fbts li\u00e9s \u00e0 votre temps et \u00e0 votre argent. Nous parlerons de la dur\u00e9e probable du processus, de ce que nous pourrions avoir \u00e0 d\u00e9penser pour obtenir les preuves, les rapports, l&rsquo;expertise et pr\u00e9parer votre dossier pour le proc\u00e8s, et que le tribunal peut ordonner \u00e0 une partie de payer les frais d&rsquo;avocat \u00e0 l&rsquo;autre partie.<\/li><\/ul>\n\n\n\n<ul><li><strong>Autres moyens de r\u00e9soudre votre diff\u00e9rend<\/strong>: Celles-ci peuvent inclure la n\u00e9gociation, la m\u00e9diation, la r\u00e9daction de lettres ou de nombreuses autres approches. Nous discuterons de la question de savoir si la poursuite de l\u2019une de ces voies pourrait \u00eatre une meilleure approche pour votre situation.<\/li><\/ul>\n\n\n\n<p>Si, lorsque nous avons termin\u00e9, nous pensons toujours que le tribunal est la meilleure approche, nous pouvons vous repr\u00e9senter avec comp\u00e9tence devant un tribunal civil.<\/p>\n","protected":false},"excerpt":{"rendered":"<p>LITIGES CIVILS: R\u00c8GLEMENT DES LITIGES AVANT OU LORS DU PROC\u00c8S Si vous avez perdu de l&rsquo;argent, la tranquillit\u00e9 d&rsquo;esprit, des opportunit\u00e9s ou des biens en raison de l&rsquo;incomp\u00e9tence, de la &hellip; <a href=\"https:\/\/nsplaw.ca\/fr\/litige-civil\/\">Read more<\/a><\/p>\n","protected":false},"author":3,"featured_media":2549,"parent":0,"menu_order":0,"comment_status":"closed","ping_status":"closed","template":"","meta":{"_acf_changed":false,"footnotes":""},"acf":[],"_links":{"self":[{"href":"https:\/\/nsplaw.ca\/fr\/wp-json\/wp\/v2\/pages\/2572"}],"collection":[{"href":"https:\/\/nsplaw.ca\/fr\/wp-json\/wp\/v2\/pages"}],"about":[{"href":"https:\/\/nsplaw.ca\/fr\/wp-json\/wp\/v2\/types\/page"}],"author":[{"embeddable":true,"href":"https:\/\/nsplaw.ca\/fr\/wp-json\/wp\/v2\/users\/3"}],"replies":[{"embeddable":true,"href":"https:\/\/nsplaw.ca\/fr\/wp-json\/wp\/v2\/comments?post=2572"}],"version-history":[{"count":2,"href":"https:\/\/nsplaw.ca\/fr\/wp-json\/wp\/v2\/pages\/2572\/revisions"}],"predecessor-version":[{"id":2605,"href":"https:\/\/nsplaw.ca\/fr\/wp-json\/wp\/v2\/pages\/2572\/revisions\/2605"}],"wp:featuredmedia":[{"embeddable":true,"href":"https:\/\/nsplaw.ca\/fr\/wp-json\/wp\/v2\/media\/2549"}],"wp:attachment":[{"href":"https:\/\/nsplaw.ca\/fr\/wp-json\/wp\/v2\/media?parent=2572"}],"curies":[{"name":"wp","href":"https:\/\/api.w.org\/{rel}","templated":true}]}}