{"id":2570,"date":"2019-05-15T16:21:30","date_gmt":"2019-05-15T16:21:30","guid":{"rendered":"https:\/\/nsplaw.ca\/?page_id=2570"},"modified":"2019-05-17T15:41:17","modified_gmt":"2019-05-17T15:41:17","slug":"droit-criminel","status":"publish","type":"page","link":"https:\/\/nsplaw.ca\/fr\/droit-criminel\/","title":{"rendered":"Droit criminel"},"content":{"rendered":"\n<h3 class=\"wp-block-heading\"><strong>FORTE D\u00c9FENSE P\u00c9NALE POUR PROT\u00c9GER VOTRE AVENIR<\/strong><\/h3>\n\n\n\n<p>Une accusation criminelle est un \u00e9v\u00e9nement majeur dans la vie de quiconque. Qu&rsquo;il s&rsquo;agisse de votre premi\u00e8re arrestation ou non, le fait d&rsquo;\u00eatre accus\u00e9 d&rsquo;un crime entra\u00eenera naturellement des sentiments de peur et d&rsquo;incertitude. Ne pas savoir ce qui peut vous arriver ensuite ne fait qu&rsquo;ajouter au stress.<\/p>\n\n\n\n<h3 class=\"wp-block-heading\"><strong>OBTENEZ UNE CONSULTATION GRATUITE AUJOURD&rsquo;HUI<\/strong><\/h3>\n\n\n\n<p>Si vous faites face \u00e0 des accusations criminelles, il est important d\u2019agir rapidement. Nos avocats sont pr\u00eats \u00e0 vous aider. Nous r\u00e9pondrons \u00e0 vos questions et vous informerons de vos options. Pour parler \u00e0 un avocat, appelez notre bureau au 613-699-5511 ou envoyez-nous un courriel en utilisant notre formulaire en ligne.<\/p>\n\n\n\n<h3 class=\"wp-block-heading\"><strong>NOUS SOMMES AVEC VOUS \u00c0 CHAQUE PAS DU PARCOURS<\/strong><\/h3>\n\n\n\n<p>Au bureau de Nicholas St-Pierre avocat \/ lawyer, nous nous effor\u00e7ons non seulement de vous aider \u00e0 r\u00e9soudre vos probl\u00e8mes juridiques, mais \u00e9galement de dissiper le plus possible votre anxi\u00e9t\u00e9. Vos probl\u00e8mes deviennent nos probl\u00e8mes.<\/p>\n\n\n\n<p>M\u00eame la d\u00e9fense la plus rapide et la plus r\u00e9ussie prend du temps. Mais en attendant que votre mati\u00e8re soit r\u00e9solue, vous devez \u00eatre s\u00fbr que votre dossier sera trait\u00e9 par une personne comp\u00e9tente et exp\u00e9riment\u00e9e, que vous saurez \u00e0 quoi vous attendre et que vos questions seront r\u00e9pondues.<\/p>\n\n\n\n<h3 class=\"wp-block-heading\"><strong>NOUS POUVONS SIMPLIFIER LE PROCESSUS POUR VOUS<\/strong><\/h3>\n\n\n\n<p>Beaucoup de nos clients ne comprennent pas le processus criminel ni ce qu\u2019ils sont cens\u00e9s faire. Lorsque vous communiquerez avec nous, nos avocats en droit p\u00e9nal vous:<\/p>\n\n\n\n<ul><li>Expliqueront les \u00e9tapes n\u00e9cessaires, en termes de dates d&rsquo;audience auxquelles vous devez assister, quand nous rencontrerons la Couronne et\/ou le juge et quand votre proc\u00e8s ou autre audience pourrait \u00eatre \u00e0 l\u2019horaire.<\/li><li>Expliquez en quoi le processus de droit criminel peut diff\u00e9rer d\u2019une personne \u00e0 l\u2019autre si vous \u00eates un jeune accus\u00e9 d\u2019un crime.<\/li><li>Passer en revue les preuves contre vous et expliquer vos accusations.<\/li><li>Discutez des cons\u00e9quences juridiques possibles de votre d\u00e9claration de culpabilit\u00e9, qui varient consid\u00e9rablement en fonction de la gravit\u00e9 et du classement de votre accusation (par exemple, vol et fraude par rapport aux accusations de vol qualifi\u00e9, ou crimes de conduite en \u00e9tat d&rsquo;\u00e9bri\u00e9t\u00e9 et de drogue).<\/li><li>Passez en revue certaine des cons\u00e9quences les plus graves, telles que la perte d&#8217;emploi, les probl\u00e8mes li\u00e9s aux voyages \u00e0 l&rsquo;\u00e9tranger, un casier judiciaire, les fouilles du secteur vuln\u00e9rable, la probation et les conditions de travail, les ordonnances d&rsquo;ADN, les interdictions d&rsquo;armes, etc.<\/li><li>Discutez des cons\u00e9quences sociales de votre condamnation, telles que l\u2019\u00e9ventuelle stigmatisation sociale de la violence domestique, des accusations de p\u00e9dophilie et de pornographie infantile ou d\u2019agression sexuelle.<\/li><li>Passez en revue votre version de l&rsquo;histoire \u00e0 la lumi\u00e8re des preuves rassembl\u00e9es contre vous.<\/li><li>Discuter des frais et des strat\u00e9gies possibles.<\/li><li>R\u00e9pondre \u00e0 vos questions.<\/li><li>Expliquez ce que vous pouvez faire pour aider votre propre cas.<\/li><\/ul>\n\n\n\n<p>Une fois que nous avons d\u00e9cid\u00e9 de travailler ensemble, notre travail consiste \u00e0 utiliser notre exp\u00e9rience et nos comp\u00e9tences pour vous prot\u00e9ger et obtenir le meilleur r\u00e8glement possible, qu&rsquo;il s&rsquo;agisse de n\u00e9gociations avec la Couronne ou de faire un proc\u00e8s.<\/p>\n","protected":false},"excerpt":{"rendered":"<p>FORTE D\u00c9FENSE P\u00c9NALE POUR PROT\u00c9GER VOTRE AVENIR Une accusation criminelle est un \u00e9v\u00e9nement majeur dans la vie de quiconque. Qu&rsquo;il s&rsquo;agisse de votre premi\u00e8re arrestation ou non, le fait d&rsquo;\u00eatre &hellip; <a href=\"https:\/\/nsplaw.ca\/fr\/droit-criminel\/\">Read more<\/a><\/p>\n","protected":false},"author":3,"featured_media":2596,"parent":0,"menu_order":0,"comment_status":"closed","ping_status":"closed","template":"","meta":{"_acf_changed":false,"footnotes":""},"acf":[],"_links":{"self":[{"href":"https:\/\/nsplaw.ca\/fr\/wp-json\/wp\/v2\/pages\/2570"}],"collection":[{"href":"https:\/\/nsplaw.ca\/fr\/wp-json\/wp\/v2\/pages"}],"about":[{"href":"https:\/\/nsplaw.ca\/fr\/wp-json\/wp\/v2\/types\/page"}],"author":[{"embeddable":true,"href":"https:\/\/nsplaw.ca\/fr\/wp-json\/wp\/v2\/users\/3"}],"replies":[{"embeddable":true,"href":"https:\/\/nsplaw.ca\/fr\/wp-json\/wp\/v2\/comments?post=2570"}],"version-history":[{"count":3,"href":"https:\/\/nsplaw.ca\/fr\/wp-json\/wp\/v2\/pages\/2570\/revisions"}],"predecessor-version":[{"id":2601,"href":"https:\/\/nsplaw.ca\/fr\/wp-json\/wp\/v2\/pages\/2570\/revisions\/2601"}],"wp:featuredmedia":[{"embeddable":true,"href":"https:\/\/nsplaw.ca\/fr\/wp-json\/wp\/v2\/media\/2596"}],"wp:attachment":[{"href":"https:\/\/nsplaw.ca\/fr\/wp-json\/wp\/v2\/media?parent=2570"}],"curies":[{"name":"wp","href":"https:\/\/api.w.org\/{rel}","templated":true}]}}