{"id":2568,"date":"2019-05-15T16:21:05","date_gmt":"2019-05-15T16:21:05","guid":{"rendered":"https:\/\/nsplaw.ca\/?page_id=2568"},"modified":"2019-06-07T00:47:25","modified_gmt":"2019-06-07T00:47:25","slug":"choisissez-nous","status":"publish","type":"page","link":"https:\/\/nsplaw.ca\/fr\/choisissez-nous\/","title":{"rendered":"Choisissez-nous"},"content":{"rendered":"\n<h3 class=\"wp-block-heading\"><strong>POURQUOI NOUS CHOISIR POUR VOTRE CAS<\/strong><\/h3>\n\n\n\n<p>Au bureau de Nicholas St-Pierre avocat \/ avocat, nous pratiquons le droit \u00e0 Ottawa et au Qu\u00e9bec. Les clients reviennent pour nos services parce qu&rsquo;ils savent qu&rsquo;ils peuvent compter sur notre combinaison de comp\u00e9tences juridiques et de service \u00e0 la client\u00e8le. Si vous avez cherch\u00e9 un avocat sur lequel vous pouvez compter, nous sommes convaincus que vous trouverez ce que vous recherchez \u00e0 notre bureau. Voici pourquoi:<\/p>\n\n\n\n<h3 class=\"wp-block-heading\"><strong>SERVICE COMPLET EN FRAN\u00c7AIS ET ANGLAIS<\/strong><\/h3>\n\n\n\n<p>Nous sommes l\u2019un des rares cabinets d\u2019avocats de la r\u00e9gion \u00e0 pouvoir traiter toute une affaire dans les deux langues officielles. Que vous soyez plus \u00e0 l\u2019aise en fran\u00e7ais ou en anglais et que votre affaire concerne le Qu\u00e9bec ou l\u2019Ontario, nous pouvons vous repr\u00e9senter &#8211; du d\u00e9but \u00e0 la fin.<\/p>\n\n\n\n<h3 class=\"wp-block-heading\"><strong>EXP\u00c9RIENCE EN DROIT P\u00c9NAL ET CIVIL<\/strong><\/h3>\n\n\n\n<p>Nos avocats sont exp\u00e9riment\u00e9s \u00e0 la fois comme avocats de la d\u00e9fense et comme avocats civils. Nous comprenons \u00e9galement l\u2019intersection du droit p\u00e9nal et du droit civil. Gr\u00e2ce \u00e0 ces connaissances et \u00e0 notre souci du d\u00e9tail, nous pouvons cr\u00e9er des solutions perspicaces et compl\u00e8tes \u00e0 votre probl\u00e8me juridique.<\/p>\n\n\n\n<h3 class=\"wp-block-heading\"><strong>ATTENTION PERSONNALIS\u00c9E<\/strong><\/h3>\n\n\n\n<p>Une partie essentielle de notre r\u00f4le d\u2019avocat n\u2019est pas seulement de vous d\u00e9fendre, mais de le faire avec un haut niveau de service et d\u2019attention. Nous vous \u00e9couterons attentivement. Nous prendrons le temps de r\u00e9pondre \u00e0 vos questions et d\u2019expliquer tout ce que vous devez savoir. Nous pouvons simplifier le syst\u00e8me juridique complexe et vous guider \u00e0 travers toutes les \u00e9tapes. Nous serons l\u00e0 pour vous tout au long du chemin.<\/p>\n\n\n\n<h3 class=\"wp-block-heading\"><strong>Conseils honn\u00eates<\/strong><\/h3>\n\n\n\n<p>Nous ne fournirons jamais une garantie que nous ne pourrons pas garder. Nous ne faisons pas de fausses promesses ou nous ne vous dirons pas que votre dossier est gagnant juste pour avoir votre client\u00e8le. Si vous avez un cas faible, nous vous le dirons tr\u00e8s honn\u00eatement. Mais nous vous aiderons toujours \u00e0 comprendre toutes vos options, les risques et les avantages de chacune d\u2019elles, ainsi que les r\u00e9sultats possibles. Nous vous donnerons ce dont vous avez besoin pour prendre une d\u00e9cision \u00e9clair\u00e9e.<\/p>\n","protected":false},"excerpt":{"rendered":"<p>POURQUOI NOUS CHOISIR POUR VOTRE CAS Au bureau de Nicholas St-Pierre avocat \/ avocat, nous pratiquons le droit \u00e0 Ottawa et au Qu\u00e9bec. Les clients reviennent pour nos services parce &hellip; <a href=\"https:\/\/nsplaw.ca\/fr\/choisissez-nous\/\">Read more<\/a><\/p>\n","protected":false},"author":3,"featured_media":2526,"parent":0,"menu_order":0,"comment_status":"closed","ping_status":"closed","template":"","meta":{"_acf_changed":false,"footnotes":""},"acf":[],"_links":{"self":[{"href":"https:\/\/nsplaw.ca\/fr\/wp-json\/wp\/v2\/pages\/2568"}],"collection":[{"href":"https:\/\/nsplaw.ca\/fr\/wp-json\/wp\/v2\/pages"}],"about":[{"href":"https:\/\/nsplaw.ca\/fr\/wp-json\/wp\/v2\/types\/page"}],"author":[{"embeddable":true,"href":"https:\/\/nsplaw.ca\/fr\/wp-json\/wp\/v2\/users\/3"}],"replies":[{"embeddable":true,"href":"https:\/\/nsplaw.ca\/fr\/wp-json\/wp\/v2\/comments?post=2568"}],"version-history":[{"count":2,"href":"https:\/\/nsplaw.ca\/fr\/wp-json\/wp\/v2\/pages\/2568\/revisions"}],"predecessor-version":[{"id":2610,"href":"https:\/\/nsplaw.ca\/fr\/wp-json\/wp\/v2\/pages\/2568\/revisions\/2610"}],"wp:featuredmedia":[{"embeddable":true,"href":"https:\/\/nsplaw.ca\/fr\/wp-json\/wp\/v2\/media\/2526"}],"wp:attachment":[{"href":"https:\/\/nsplaw.ca\/fr\/wp-json\/wp\/v2\/media?parent=2568"}],"curies":[{"name":"wp","href":"https:\/\/api.w.org\/{rel}","templated":true}]}}